{"id":3,"date":"2019-02-15T17:15:36","date_gmt":"2019-02-15T16:15:36","guid":{"rendered":"http:\/\/sassi.elwood.agency\/?page_id=3"},"modified":"2021-05-06T11:52:10","modified_gmt":"2021-05-06T09:52:10","slug":"privacy-policy","status":"publish","type":"page","link":"https:\/\/www.sassisancristoforo.com\/it\/privacy-policy\/","title":{"rendered":"Privacy Policy"},"content":{"rendered":"\t\t<div data-elementor-type=\"wp-page\" data-elementor-id=\"3\" class=\"elementor elementor-3\" data-elementor-post-type=\"page\">\n\t\t\t\t\t\t<section class=\"elementor-section elementor-top-section elementor-element elementor-element-6da2c643 elementor-section-boxed elementor-section-height-default elementor-section-height-default\" data-id=\"6da2c643\" data-element_type=\"section\">\n\t\t\t\t\t\t<div class=\"elementor-container elementor-column-gap-default\">\n\t\t\t\t\t<div class=\"elementor-column elementor-col-100 elementor-top-column elementor-element elementor-element-7f64fb98\" data-id=\"7f64fb98\" data-element_type=\"column\">\n\t\t\t<div class=\"elementor-widget-wrap elementor-element-populated\">\n\t\t\t\t\t\t<div class=\"elementor-element elementor-element-5bda0c3a elementor-widget elementor-widget-text-editor\" data-id=\"5bda0c3a\" data-element_type=\"widget\" data-widget_type=\"text-editor.default\">\n\t\t\t\t<div class=\"elementor-widget-container\">\n\t\t\t\t\t\t\t\t\t<p>Sassi San Cristoforo, con sede in Via Via Pastura 10, 12052 Neive (CN), P.IVA 10729890011, in qualit\u00e0 di titolare del trattamento, intende informarLa in merito al trattamento dei suoi dati all\u2019interno del sito web: www.sassisancristoforo.com.\u00a0<\/p>\n<p>Il nostro obiettivo \u00e8 quello di garantire in qualsiasi momento la tutela dei vostri dati personali. Le chiediamo, quindi, gentilmente di leggere con attenzione l&#8217;Informativa sulla Privacy per sapere quali informazioni vengono raccolte e per quale scopo vengono utilizzate. Il Regolamento Europeo privacy 2016\/679, per dato personale, intende qualsiasi informazione riguardante una persona fisica, identificata o identificabile. Una persona fisica identificabile \u00e8 un individuo che pu\u00f2 essere identificato, in modo diretto o indiretto, tramite riferimento a identificativi quali nome, numero del documento d&#8217;identit\u00e0, dati sulla sua ubicazione, identificativo online o uno o pi\u00f9 fattori specifici dell&#8217;identit\u00e0 fisica, fisiologica, genetica, mentale, economica, culturale o sociale di tale persona. Non sono considerati personali i dati resi anonimi o in forma aggregata in modo da non consentire pi\u00f9 l&#8217;identificazione della persona fisica specifica, nemmeno in combinazione con altre informazioni o in altri modi.\u00a0<\/p>\n<p>Il nostro sito web www.sassisancristoforo.com , potrebbe contenere link esterni ad esso, tali link reindirizzano ad altri siti web che ovviamente utilizzano le loro specifiche policy su sicurezza e privacy. Nel caso vogliate visitarli, vi invitiamo a leggere attentamente le loro pagine dedicate all\u2019informativa su privacy e cookie. Sassi San Cristoforo in nessun modo ha responsabilit\u00e0 su eventuali pratiche non corrette o mancanze concernenti la vostra privacy durante la navigazione su pagine web di terze parti.<\/p>\t\t\t\t\t\t\t\t<\/div>\n\t\t\t\t<\/div>\n\t\t\t\t<div class=\"elementor-element elementor-element-999d7f9 elementor-widget elementor-widget-text-editor\" data-id=\"999d7f9\" data-element_type=\"widget\" data-widget_type=\"text-editor.default\">\n\t\t\t\t<div class=\"elementor-widget-container\">\n\t\t\t\t\t\t\t\t\t<p><strong>1) TIPI DI INFORMAZIONI RACCOLTE<\/strong><\/p>\n<p>Di seguito sono elencate le attivit\u00e0 che pu\u00f2 svolgere sul sito e dalle quali la Societ\u00e0 pu\u00f2 acquisire Suoi dati, in particolare quando:\u00a0<\/p>\n<p>A) CONTATTA IL TITOLARE DEL TRATTAMENTO PER DOMANDE o PRENOTAZIONI VISITA Qualora intenda porre delle domande in merito ali servizi offerti o prenotare una visita da Sassi San Cristoforo scrivendo tramite il form di contatto o una qualsiasi delle mail con link pubblicato all\u2019interno delle pagine del sito www.sassisancristoforo.com. Sassi San Cristoforo, in qualit\u00e0 di Titolare del trattamento, La informa che qualora intenda acquisire informazioni sui servizi offerti, Sassi San Cristoforo potr\u00e0 acquisire il suo indirizzo mail nonch\u00e9 il suo nome e cognome e numero di telefono che verranno trattati al solo fine di poterLe fornire un\u2019esauriente risposta in merito a domande e\/o osservazioni da Lei poste.<\/p>\t\t\t\t\t\t\t\t<\/div>\n\t\t\t\t<\/div>\n\t\t\t\t<div class=\"elementor-element elementor-element-8b57b62 elementor-widget elementor-widget-text-editor\" data-id=\"8b57b62\" data-element_type=\"widget\" data-widget_type=\"text-editor.default\">\n\t\t\t\t<div class=\"elementor-widget-container\">\n\t\t\t\t\t\t\t\t\t<p><strong>2) FINALIT\u00c0 DEL TRATTAMENTO\u00a0<\/strong><\/p><p>Tutte le informazioni raccolte sono trattate dal Titolare del trattamento:\u00a0<\/p><ul><li>per rispondere a sue domande;<\/li><li>per prenotare una visita.\u00a0<\/li><li>per la vendita.\u00a0<\/li><\/ul><p>I suoi dati verranno trattati utilizzando strumenti manuali nonch\u00e9 strumenti informatici anche mediante l\u2019inserimento di essi in banche dati, elenchi e liste idonei alla memorizzazione, gestione e trasmissione dei dati, nei modi e nei limiti necessari al perseguimento delle predette finalit\u00e0. I Suoi dati saranno trattati esclusivamente da persone autorizzate al trattamento. Sassi San Cristoforo non effettua processi decisionali automatizzati.<\/p>\t\t\t\t\t\t\t\t<\/div>\n\t\t\t\t<\/div>\n\t\t\t\t<div class=\"elementor-element elementor-element-e5b0b2f elementor-widget elementor-widget-text-editor\" data-id=\"e5b0b2f\" data-element_type=\"widget\" data-widget_type=\"text-editor.default\">\n\t\t\t\t<div class=\"elementor-widget-container\">\n\t\t\t\t\t\t\t\t\t<p><strong>3) NATURA DEL CONFERIMENTO DEI DATI E CONSEGUENZE DEL RIFIUTO\u00a0<\/strong><\/p>\n<p>Il conferimento dei dati personali da parte Sua, \u00e8 facoltativo per ciascuna delle finalit\u00e0 indicate al punto 2, tuttavia, l\u2019eventuale mancato conferimento, comporter\u00e0, l&#8217;impossibilit\u00e0 di adempiere alle sue richieste.<\/p>\t\t\t\t\t\t\t\t<\/div>\n\t\t\t\t<\/div>\n\t\t\t\t<div class=\"elementor-element elementor-element-141e40e elementor-widget elementor-widget-text-editor\" data-id=\"141e40e\" data-element_type=\"widget\" data-widget_type=\"text-editor.default\">\n\t\t\t\t<div class=\"elementor-widget-container\">\n\t\t\t\t\t\t\t\t\t<p><strong>4) AMBITO DI COMUNICAZIONE \u2013 TRASFERIMENTO E DIFFUSIONE DEI DATI\u00a0<\/strong><\/p>\n<p>I suoi dati personali, potranno essere comunicati a soggetti terzi, espressamente nominati responsabili del trattamento, sempre per il perseguimento delle finalit\u00e0 indicate e nei limiti previsti dalla relativa normativa. Ai dati potrebbero accedere (per finalit\u00e0 di assistenza al sito, agli applicativi, alla rete informatiche e per la connettivit\u00e0) nostri tecnici incaricati o consulenti esterni nominati anch\u2019essi responsabili del trattamento. Infine, potranno essere comunicati ai soggetti legittimati ad accedervi in forza di disposizioni di legge, regolamenti, normative comunitarie. In ogni caso, i dati personali conferiti non saranno oggetto di diffusione.<\/p>\t\t\t\t\t\t\t\t<\/div>\n\t\t\t\t<\/div>\n\t\t\t\t<div class=\"elementor-element elementor-element-6549421 elementor-widget elementor-widget-text-editor\" data-id=\"6549421\" data-element_type=\"widget\" data-widget_type=\"text-editor.default\">\n\t\t\t\t<div class=\"elementor-widget-container\">\n\t\t\t\t\t\t\t\t\t<p><strong>5) SICUREZZA DEI VOSTRI DATI PERSONALI\u00a0<\/strong><\/p>\n<p>Per proteggere i dati personali da accesso, divulgazione e modifica non autorizzati, abbiamo implementato dal punto di vista tecnico i sistemi di protezione e le relative misure di sicurezza che ne garantiscono la tutela. Queste misure di sicurezza vengono di volta in volta adattate per ottenere ogni volta un elevato livello di sicurezza. Tuttavia, tenete presente che, malgrado i nostri sforzi, nessuna misura di sicurezza \u00e8 perfetta o impenetrabile. Inoltre, per aiutarci a mantenere alto il livello di sicurezza, vi chiediamo di custodire il vostro nome utente e password e di non svelarli a terzi.<\/p>\t\t\t\t\t\t\t\t<\/div>\n\t\t\t\t<\/div>\n\t\t\t\t<div class=\"elementor-element elementor-element-45ab537 elementor-widget elementor-widget-text-editor\" data-id=\"45ab537\" data-element_type=\"widget\" data-widget_type=\"text-editor.default\">\n\t\t\t\t<div class=\"elementor-widget-container\">\n\t\t\t\t\t\t\t\t\t<p><strong>6) DIRITTI DELL\u2019INTERESSATO\u00a0<\/strong><\/p><p>La informiamo che il Regolamento europeo all\u2019art. 15 e seg. Le conferisce i seguenti diritti:\u00a0<\/p><p>\u2022 di accesso ossia la possibilit\u00e0 di ottenere la conferma che sia o meno in corso un trattamento e di acquisire informazioni in merito a: finalit\u00e0 di esso, categorie di dati personali in questione, destinatari dei dati in particolare se Paesi terzi, il periodo di conservazione ove possibile e le modalit\u00e0 del loro trattamento,\u00a0<\/p><p>\u2022 alla rettifica e all\u2019integrazione dei dati,\u00a0<\/p><p>\u2022 alla cancellazione, ogni qualvolta i dati non siano necessari rispetto alle finalit\u00e0 oppure qualora decidesse di revocare il consenso o si opponesse al trattamento o ancora qualora i dati fossero trattati illecitamente;\u00a0<\/p><p>\u2022 alla limitazione del trattamento nel caso in cui contesti l\u2019esattezza dei dati personali per il periodo necessario per effettuare le relative verifiche, oppure il trattamento sia illecito, o qualora bench\u00e8 il titolare del trattamento non abbia pi\u00f9 bisogno dei suoi dati, lei richieda la conservazione per finalit\u00e0 giudiziarie;\u00a0<\/p><p>\u2022 alla portabilit\u00e0 dei dati ad altro titolare, qualora il trattamento avvenga con mezzi automatizzati o sia basato sul consenso;\u00a0<\/p><p>\u2022 di opporsi al trattamento dei propri dati personali in presenza di giustificati motivi o nel caso in cui gli stessi siano utilizzati per l\u2019invio di materiale pubblicitario, di direct marketing o per il compimento di indagini di mercato;\u00a0<\/p><p>\u2022 a proporre reclamo avanti all\u2019Autorit\u00e0.\u00a0<\/p><p>Qualora decidesse di esercitare i diritti sopra descritti o in caso di violazione dei dati personali potr\u00e0 contattare il titolare del trattamento al seguente indirizzo mail: <a class=\"\" href=\"mailto:info@sassisancristoforo.com\">info@sassisancristoforo.com<\/a>.<\/p>\t\t\t\t\t\t\t\t<\/div>\n\t\t\t\t<\/div>\n\t\t\t\t<div class=\"elementor-element elementor-element-a0613d5 elementor-widget elementor-widget-text-editor\" data-id=\"a0613d5\" data-element_type=\"widget\" data-widget_type=\"text-editor.default\">\n\t\t\t\t<div class=\"elementor-widget-container\">\n\t\t\t\t\t\t\t\t\t<p><strong>7) CONSERVAZIONE DEI DATI\u00a0<\/strong><\/p>\n<p>Il Titolare del trattamento conserva e tratta i dati personali per il tempo necessario ad adempiere alle finalit\u00e0 indicate, in particolare per l\u2019attivit\u00e0 promozionale i dati vengono conservati per 24 mesi e poi aggiornati e se necessario cancellati. I dati raccolti per rispondere a sue domande non saranno oggetto di conservazione.<\/p>\t\t\t\t\t\t\t\t<\/div>\n\t\t\t\t<\/div>\n\t\t\t\t<div class=\"elementor-element elementor-element-adfeb2d elementor-widget elementor-widget-text-editor\" data-id=\"adfeb2d\" data-element_type=\"widget\" data-widget_type=\"text-editor.default\">\n\t\t\t\t<div class=\"elementor-widget-container\">\n\t\t\t\t\t\t\t\t\t<p><strong>8) NEL CASO IN CUI SIATE DI ET\u00c0 INFERIORE AI 16 ANNI\u00a0<\/strong><\/p>\n<p>I nostri siti web sono riferiti a un&#8217;audience generalista e non sono rivolti ai minori. Non raccogliamo consapevolmente dati personali di utenti che in base alle leggi del loro Paese sono considerati minori.<\/p>\t\t\t\t\t\t\t\t<\/div>\n\t\t\t\t<\/div>\n\t\t\t\t<div class=\"elementor-element elementor-element-9036b2c elementor-widget elementor-widget-text-editor\" data-id=\"9036b2c\" data-element_type=\"widget\" data-widget_type=\"text-editor.default\">\n\t\t\t\t<div class=\"elementor-widget-container\">\n\t\t\t\t\t\t\t\t\t<p><strong>9) TITOLARE DEL TRATTAMENTO\u00a0<\/strong><\/p>\n<p>Il Titolare del trattamento dei dati personali \u00e8 Sassi San Cristoforo, con sede in Via Via Pastura 10, 12052 Neive (CN), qualora intendesse acquisire informazioni sulla protezione dei dati personali o segnalare violazioni riguardanti i dati personali potr\u00e0 scrivere all\u2019indirizzo di posta sopra indicato.<\/p>\t\t\t\t\t\t\t\t<\/div>\n\t\t\t\t<\/div>\n\t\t\t\t\t<\/div>\n\t\t<\/div>\n\t\t\t\t\t<\/div>\n\t\t<\/section>\n\t\t\t\t<\/div>\n\t\t","protected":false},"excerpt":{"rendered":"<p>Sassi San Cristoforo, con sede in Via Via Pastura 10, 12052 Neive (CN), P.IVA 10729890011, in qualit\u00e0 di titolare del trattamento, intende informarLa in merito al trattamento dei suoi dati all\u2019interno del sito web: www.sassisancristoforo.com.\u00a0 Il nostro obiettivo \u00e8 quello di garantire in qualsiasi momento la tutela dei vostri dati personali. Le chiediamo, quindi, gentilmente [&hellip;]<\/p>\n","protected":false},"author":1,"featured_media":6397,"parent":0,"menu_order":0,"comment_status":"closed","ping_status":"open","template":"tpl-standard.php","meta":{"footnotes":""},"class_list":["post-3","page","type-page","status-publish","has-post-thumbnail","hentry"],"yoast_head":"<!-- This site is optimized with the Yoast SEO plugin v24.3 - https:\/\/yoast.com\/wordpress\/plugins\/seo\/ -->\n<title>Privacy Policy - Sassi San Cristoforo<\/title>\n<meta name=\"robots\" content=\"index, follow, max-snippet:-1, max-image-preview:large, max-video-preview:-1\" \/>\n<link rel=\"canonical\" href=\"https:\/\/www.sassisancristoforo.com\/it\/privacy-policy\/\" \/>\n<meta property=\"og:locale\" content=\"it_IT\" \/>\n<meta property=\"og:type\" content=\"article\" \/>\n<meta property=\"og:title\" content=\"Privacy Policy - Sassi San Cristoforo\" \/>\n<meta property=\"og:description\" content=\"Sassi San Cristoforo, con sede in Via Via Pastura 10, 12052 Neive (CN), P.IVA 10729890011, in qualit\u00e0 di titolare del trattamento, intende informarLa in merito al trattamento dei suoi dati all\u2019interno del sito web: www.sassisancristoforo.com.\u00a0 Il nostro obiettivo \u00e8 quello di garantire in qualsiasi momento la tutela dei vostri dati personali. Le chiediamo, quindi, gentilmente [&hellip;]\" \/>\n<meta property=\"og:url\" content=\"https:\/\/www.sassisancristoforo.com\/it\/privacy-policy\/\" \/>\n<meta property=\"og:site_name\" content=\"Sassi San Cristoforo\" \/>\n<meta property=\"article:modified_time\" content=\"2021-05-06T09:52:10+00:00\" \/>\n<meta property=\"og:image\" content=\"https:\/\/www.sassisancristoforo.com\/wp-content\/uploads\/2020\/02\/vini-head.jpg\" \/>\n\t<meta property=\"og:image:width\" content=\"1920\" \/>\n\t<meta property=\"og:image:height\" content=\"843\" \/>\n\t<meta property=\"og:image:type\" content=\"image\/jpeg\" \/>\n<meta name=\"twitter:card\" content=\"summary_large_image\" \/>\n<meta name=\"twitter:label1\" content=\"Tempo di lettura stimato\" \/>\n\t<meta name=\"twitter:data1\" content=\"5 minuti\" \/>\n<script type=\"application\/ld+json\" class=\"yoast-schema-graph\">{\"@context\":\"https:\/\/schema.org\",\"@graph\":[{\"@type\":\"WebPage\",\"@id\":\"https:\/\/www.sassisancristoforo.com\/it\/privacy-policy\/\",\"url\":\"https:\/\/www.sassisancristoforo.com\/it\/privacy-policy\/\",\"name\":\"Privacy Policy - Sassi San Cristoforo\",\"isPartOf\":{\"@id\":\"https:\/\/www.sassisancristoforo.com\/it\/#website\"},\"primaryImageOfPage\":{\"@id\":\"https:\/\/www.sassisancristoforo.com\/it\/privacy-policy\/#primaryimage\"},\"image\":{\"@id\":\"https:\/\/www.sassisancristoforo.com\/it\/privacy-policy\/#primaryimage\"},\"thumbnailUrl\":\"https:\/\/www.sassisancristoforo.com\/wp-content\/uploads\/2020\/02\/vini-head.jpg\",\"datePublished\":\"2019-02-15T16:15:36+00:00\",\"dateModified\":\"2021-05-06T09:52:10+00:00\",\"breadcrumb\":{\"@id\":\"https:\/\/www.sassisancristoforo.com\/it\/privacy-policy\/#breadcrumb\"},\"inLanguage\":\"it-IT\",\"potentialAction\":[{\"@type\":\"ReadAction\",\"target\":[\"https:\/\/www.sassisancristoforo.com\/it\/privacy-policy\/\"]}]},{\"@type\":\"ImageObject\",\"inLanguage\":\"it-IT\",\"@id\":\"https:\/\/www.sassisancristoforo.com\/it\/privacy-policy\/#primaryimage\",\"url\":\"https:\/\/www.sassisancristoforo.com\/wp-content\/uploads\/2020\/02\/vini-head.jpg\",\"contentUrl\":\"https:\/\/www.sassisancristoforo.com\/wp-content\/uploads\/2020\/02\/vini-head.jpg\",\"width\":1920,\"height\":843},{\"@type\":\"BreadcrumbList\",\"@id\":\"https:\/\/www.sassisancristoforo.com\/it\/privacy-policy\/#breadcrumb\",\"itemListElement\":[{\"@type\":\"ListItem\",\"position\":1,\"name\":\"Home\",\"item\":\"https:\/\/www.sassisancristoforo.com\/it\/\"},{\"@type\":\"ListItem\",\"position\":2,\"name\":\"Privacy Policy\"}]},{\"@type\":\"WebSite\",\"@id\":\"https:\/\/www.sassisancristoforo.com\/it\/#website\",\"url\":\"https:\/\/www.sassisancristoforo.com\/it\/\",\"name\":\"Sassi San Cristoforo\",\"description\":\"\",\"potentialAction\":[{\"@type\":\"SearchAction\",\"target\":{\"@type\":\"EntryPoint\",\"urlTemplate\":\"https:\/\/www.sassisancristoforo.com\/it\/?s={search_term_string}\"},\"query-input\":{\"@type\":\"PropertyValueSpecification\",\"valueRequired\":true,\"valueName\":\"search_term_string\"}}],\"inLanguage\":\"it-IT\"}]}<\/script>\n<!-- \/ Yoast SEO plugin. -->","yoast_head_json":{"title":"Privacy Policy - Sassi San Cristoforo","robots":{"index":"index","follow":"follow","max-snippet":"max-snippet:-1","max-image-preview":"max-image-preview:large","max-video-preview":"max-video-preview:-1"},"canonical":"https:\/\/www.sassisancristoforo.com\/it\/privacy-policy\/","og_locale":"it_IT","og_type":"article","og_title":"Privacy Policy - Sassi San Cristoforo","og_description":"Sassi San Cristoforo, con sede in Via Via Pastura 10, 12052 Neive (CN), P.IVA 10729890011, in qualit\u00e0 di titolare del trattamento, intende informarLa in merito al trattamento dei suoi dati all\u2019interno del sito web: www.sassisancristoforo.com.\u00a0 Il nostro obiettivo \u00e8 quello di garantire in qualsiasi momento la tutela dei vostri dati personali. Le chiediamo, quindi, gentilmente [&hellip;]","og_url":"https:\/\/www.sassisancristoforo.com\/it\/privacy-policy\/","og_site_name":"Sassi San Cristoforo","article_modified_time":"2021-05-06T09:52:10+00:00","og_image":[{"width":1920,"height":843,"url":"https:\/\/www.sassisancristoforo.com\/wp-content\/uploads\/2020\/02\/vini-head.jpg","type":"image\/jpeg"}],"twitter_card":"summary_large_image","twitter_misc":{"Tempo di lettura stimato":"5 minuti"},"schema":{"@context":"https:\/\/schema.org","@graph":[{"@type":"WebPage","@id":"https:\/\/www.sassisancristoforo.com\/it\/privacy-policy\/","url":"https:\/\/www.sassisancristoforo.com\/it\/privacy-policy\/","name":"Privacy Policy - Sassi San Cristoforo","isPartOf":{"@id":"https:\/\/www.sassisancristoforo.com\/it\/#website"},"primaryImageOfPage":{"@id":"https:\/\/www.sassisancristoforo.com\/it\/privacy-policy\/#primaryimage"},"image":{"@id":"https:\/\/www.sassisancristoforo.com\/it\/privacy-policy\/#primaryimage"},"thumbnailUrl":"https:\/\/www.sassisancristoforo.com\/wp-content\/uploads\/2020\/02\/vini-head.jpg","datePublished":"2019-02-15T16:15:36+00:00","dateModified":"2021-05-06T09:52:10+00:00","breadcrumb":{"@id":"https:\/\/www.sassisancristoforo.com\/it\/privacy-policy\/#breadcrumb"},"inLanguage":"it-IT","potentialAction":[{"@type":"ReadAction","target":["https:\/\/www.sassisancristoforo.com\/it\/privacy-policy\/"]}]},{"@type":"ImageObject","inLanguage":"it-IT","@id":"https:\/\/www.sassisancristoforo.com\/it\/privacy-policy\/#primaryimage","url":"https:\/\/www.sassisancristoforo.com\/wp-content\/uploads\/2020\/02\/vini-head.jpg","contentUrl":"https:\/\/www.sassisancristoforo.com\/wp-content\/uploads\/2020\/02\/vini-head.jpg","width":1920,"height":843},{"@type":"BreadcrumbList","@id":"https:\/\/www.sassisancristoforo.com\/it\/privacy-policy\/#breadcrumb","itemListElement":[{"@type":"ListItem","position":1,"name":"Home","item":"https:\/\/www.sassisancristoforo.com\/it\/"},{"@type":"ListItem","position":2,"name":"Privacy Policy"}]},{"@type":"WebSite","@id":"https:\/\/www.sassisancristoforo.com\/it\/#website","url":"https:\/\/www.sassisancristoforo.com\/it\/","name":"Sassi San Cristoforo","description":"","potentialAction":[{"@type":"SearchAction","target":{"@type":"EntryPoint","urlTemplate":"https:\/\/www.sassisancristoforo.com\/it\/?s={search_term_string}"},"query-input":{"@type":"PropertyValueSpecification","valueRequired":true,"valueName":"search_term_string"}}],"inLanguage":"it-IT"}]}},"_links":{"self":[{"href":"https:\/\/www.sassisancristoforo.com\/it\/wp-json\/wp\/v2\/pages\/3","targetHints":{"allow":["GET"]}}],"collection":[{"href":"https:\/\/www.sassisancristoforo.com\/it\/wp-json\/wp\/v2\/pages"}],"about":[{"href":"https:\/\/www.sassisancristoforo.com\/it\/wp-json\/wp\/v2\/types\/page"}],"author":[{"embeddable":true,"href":"https:\/\/www.sassisancristoforo.com\/it\/wp-json\/wp\/v2\/users\/1"}],"replies":[{"embeddable":true,"href":"https:\/\/www.sassisancristoforo.com\/it\/wp-json\/wp\/v2\/comments?post=3"}],"version-history":[{"count":11,"href":"https:\/\/www.sassisancristoforo.com\/it\/wp-json\/wp\/v2\/pages\/3\/revisions"}],"predecessor-version":[{"id":10565,"href":"https:\/\/www.sassisancristoforo.com\/it\/wp-json\/wp\/v2\/pages\/3\/revisions\/10565"}],"wp:featuredmedia":[{"embeddable":true,"href":"https:\/\/www.sassisancristoforo.com\/it\/wp-json\/wp\/v2\/media\/6397"}],"wp:attachment":[{"href":"https:\/\/www.sassisancristoforo.com\/it\/wp-json\/wp\/v2\/media?parent=3"}],"curies":[{"name":"wp","href":"https:\/\/api.w.org\/{rel}","templated":true}]}}